{"id":5594,"date":"2017-03-14T12:48:37","date_gmt":"2017-03-14T12:48:37","guid":{"rendered":"https:\/\/argenta.clbthemes.com\/demo_03\/?page_id=5594"},"modified":"2023-07-25T07:46:10","modified_gmt":"2023-07-25T07:46:10","slug":"about-4","status":"publish","type":"page","link":"https:\/\/msi-hukuk.com\/?page_id=5594","title":{"rendered":"Faaliyet Alanlar\u0131m\u0131z"},"content":{"rendered":"<section class=\"wpb-content-wrapper\">[vc_row el_id=&#8221;faliyet&#8221;][vc_column][vc_empty_space height=&#8221;200px&#8221; el_class=&#8221;arg-spacer&#8221;][\/vc_column][\/vc_row][vc_row][vc_column width=&#8221;1\/2&#8243;]<ul class=\"list-box list-box-border-items\">\n\t\n\t\t\t\t\t<li>\n\t\t\t\t\t\t<h4 class=\"title\">Hukuki Dan\u0131\u015fmanl\u0131k<\/h4>\n\t\t\t\t\t\t\t\t\t<p class=\"subtitle\">Hukuki dan\u0131\u015fmanl\u0131k alan\u0131nda m\u00fcvekkillerimize kapsaml\u0131 hukuki destek sa\u011flayarak, sorunlar\u0131n\u0131 \u00e7\u00f6zmelerine ve risklerini minimize etmelerine yard\u0131mc\u0131 oluyoruz.<\/p>\n\t\t\t\t\t<\/li>\n\t\t\t\t<li>\n\t\t\t\t\t\t<h4 class=\"title\">Dava ve Tahkim<\/h4>\n\t\t\t\t\t\t\t\t\t<p class=\"subtitle\">Dava ve tahkim konusunda, m\u00fcvekkillerimizi hukuki ihtilaflarda en iyi \u015fekilde temsil ederek, etkili savunma stratejileri sunuyoruz.<\/p>\n\t\t\t\t\t<\/li>\n\t\t\t\t<li>\n\t\t\t\t\t\t<h4 class=\"title\">Arabuluculuk<\/h4>\n\t\t\t\t\t\t\t\t\t<p class=\"subtitle\">Arabuluculuk hizmetiyle m\u00fcvekkillerimizin ihtilaflar\u0131n\u0131 uzla\u015fma yoluyla \u00e7\u00f6zmelerine destek oluyoruz.<\/p>\n\t\t\t\t\t<\/li>\n\t\t\t\t<li>\n\t\t\t\t\t\t<h4 class=\"title\">Ticaret ve \u015eirketler hukuku<\/h4>\n\t\t\t\t\t\t\t\t\t<p class=\"subtitle\">Ticaret ve \u015firketler hukuku alan\u0131nda, \u015firketlerin yasal gerekliliklere uyum sa\u011flamalar\u0131n\u0131 ve i\u015flerini etkin bir \u015fekilde y\u00f6netmelerini sa\u011fl\u0131yoruz.<\/p>\n\t\t\t\t\t<\/li>\n\t\t\t\t<li>\n\t\t\t\t\t\t<h4 class=\"title\">S\u00f6zle\u015fmeler Hukuku<\/h4>\n\t\t\t\t\t\t\t\t\t<p class=\"subtitle\">S\u00f6zle\u015fmeler hukuku konusunda, m\u00fcvekkillerimize hukuki a\u00e7\u0131dan g\u00fcvence sa\u011flayan ve \u00e7\u0131karlar\u0131n\u0131 koruyan s\u00f6zle\u015fmeler haz\u0131rl\u0131yoruz.<\/p>\n\t\t\t\t\t<\/li>\n\t\t\t\t<li>\n\t\t\t\t\t\t<h4 class=\"title\">\u0130\u015f Hukuku<\/h4>\n\t\t\t\t\t\t\t\t\t<p class=\"subtitle\">\u0130\u015f hukuku alan\u0131nda uzmanla\u015fm\u0131\u015f bir hukuk b\u00fcrosu olarak, m\u00fcvekkillerimize kapsaml\u0131 ve etkili hukuki \u00e7\u00f6z\u00fcmler sunmaktay\u0131z.<\/p>\n\t\t\t\t\t<\/li>\n\t\t\t\t<li>\n\t\t\t\t\t\t<h4 class=\"title\">Gayrimenkul ve Kira Hukuku<\/h4>\n\t\t\t\t\t\t\t\t\t<p class=\"subtitle\">Gayrimenkul ve Kira Hukuku konusunda, gayrimenkul i\u015flemleri, kiralama anla\u015fmalar\u0131 ve tapu i\u015flemleri gibi konularda m\u00fcvekkillerimize dan\u0131\u015fmanl\u0131k sunuyoruz.<\/p>\n\t\t\t\t\t<\/li>\n\t\t\t\t<li>\n\t\t\t\t\t\t<h4 class=\"title\">Fikri M\u00fclkiyet Hukuku<\/h4>\n\t\t\t\t\t\t\t\t\t<p class=\"subtitle\">Fikri M\u00fclkiyet Hukuku'nda, marka tescili, patent ba\u015fvurular\u0131 ve telif haklar\u0131 gibi konularda m\u00fcvekkillerimize hukuki koruma sa\u011fl\u0131yoruz.<\/p>\n\t\t\t\t\t<\/li>\n\t\t\t\n<\/ul>\n\n[\/vc_column][vc_column width=&#8221;1\/2&#8243;]<ul class=\"list-box list-box-border-items\">\n\t\n\t\t\t\t\t<li>\n\t\t\t\t\t\t<h4 class=\"title\">Bili\u015fim Hukuku, E-ticaret & Start-Up<\/h4>\n\t\t\t\t\t\t\t\t\t<p class=\"subtitle\">Bili\u015fim Hukuku, E-ticaret ve Start-Up alanlar\u0131nda, dijital i\u015fletmelerin hukuki gereklilikleri konusunda dan\u0131\u015fmanl\u0131k sa\u011fl\u0131yor ve yenilik\u00e7i giri\u015fimlere destek oluyoruz.<\/p>\n\t\t\t\t\t<\/li>\n\t\t\t\t<li>\n\t\t\t\t\t\t<h4 class=\"title\">Ki\u015fisel Verilerin Korunmas\u0131<\/h4>\n\t\t\t\t\t\t\t\t\t<p class=\"subtitle\">Ki\u015fisel Verilerin Korunmas\u0131 konusunda, m\u00fcvekkillerimizi veri g\u00fcvenli\u011fi ve gizlilik konular\u0131nda uyumlu olmalar\u0131 i\u00e7in y\u00f6nlendiriyoruz<\/p>\n\t\t\t\t\t<\/li>\n\t\t\t\t<li>\n\t\t\t\t\t\t<h4 class=\"title\">Medya ve Reklam Hukuku<\/h4>\n\t\t\t\t\t\t\t\t\t<p class=\"subtitle\">Medya ve Reklam Hukuku'nda, m\u00fcvekkillerimize medya ve reklam kampanyalar\u0131n\u0131n hukuki a\u00e7\u0131dan uyumlu ve risklerden ar\u0131nd\u0131r\u0131lm\u0131\u015f bir \u015fekilde y\u00fcr\u00fct\u00fclmesi konusunda destek sa\u011fl\u0131yoruz.<\/p>\n\t\t\t\t\t<\/li>\n\t\t\t\t<li>\n\t\t\t\t\t\t<h4 class=\"title\">\u0130nsan Haklar\u0131 Hukuku<\/h4>\n\t\t\t\t\t\t\t\t\t<p class=\"subtitle\">\u0130nsan Haklar\u0131 Hukuku'nda, insan haklar\u0131 ihlallerine kar\u015f\u0131 m\u00fccadele ediyor ve ma\u011fdurlara hukuki destek sunuyoruz.<\/p>\n\t\t\t\t\t<\/li>\n\t\t\t\t<li>\n\t\t\t\t\t\t<h4 class=\"title\">\u00c7evre Hukuku<\/h4>\n\t\t\t\t\t\t\t\t\t<p class=\"subtitle\">\u00c7evre Hukuku alan\u0131nda, \u00e7evresel d\u00fczenlemeler ve s\u00fcrd\u00fcr\u00fclebilirlik konular\u0131nda m\u00fcvekkillerimize dan\u0131\u015fmanl\u0131k sunuyoruz.<\/p>\n\t\t\t\t\t<\/li>\n\t\t\t\t<li>\n\t\t\t\t\t\t<h4 class=\"title\">Uluslararas\u0131 \u0130\u015flemler ve Yabanc\u0131 Yat\u0131r\u0131mlar<\/h4>\n\t\t\t\t\t\t\t\t\t<p class=\"subtitle\">Uluslararas\u0131 \u0130\u015flemler ve Yabanc\u0131 Yat\u0131r\u0131mlar konusunda, m\u00fcvekkillerimizin uluslararas\u0131 pazarlarda i\u015f yapmalar\u0131n\u0131 kolayla\u015ft\u0131ran hukuki destek sa\u011fl\u0131yoruz.<\/p>\n\t\t\t\t\t<\/li>\n\t\t\t\t<li>\n\t\t\t\t\t\t<h4 class=\"title\">\u0130cra ve \u0130flas Hukuku<\/h4>\n\t\t\t\t\t\t\t\t\t<p class=\"subtitle\">M\u00fcvekkillerin maddi hukuktan kaynaklanan taleplerinin takip hukuku ile elde etmesi i\u00e7in hukuki destek sa\u011fl\u0131yoruz.<\/p>\n\t\t\t\t\t<\/li>\n\t\t\t\n<\/ul>\n\n[\/vc_column][\/vc_row][vc_row][vc_column][vc_empty_space height=&#8221;100px&#8221; el_class=&#8221;arg-spacer&#8221;][\/vc_column][\/vc_row]\n<\/section>","protected":false},"excerpt":{"rendered":"<p>[vc_row el_id=&#8221;faliyet&#8221;][vc_column][vc_empty_space height=&#8221;200px&#8221; el_class=&#8221;arg-spacer&#8221;][\/vc_column][\/vc_row][vc_row][vc_column width=&#8221;1\/2&#8243;][\/vc_column][vc_column width=&#8221;1\/2&#8243;][\/vc_column][\/vc_row][vc_row][vc_column][vc_empty_space height=&#8221;100px&#8221; el_class=&#8221;arg-spacer&#8221;][\/vc_column][\/vc_row]<\/p>\n","protected":false},"author":1,"featured_media":0,"parent":0,"menu_order":0,"comment_status":"closed","ping_status":"closed","template":"page-templates\/page_without-sidebar.php","meta":{"footnotes":""},"class_list":["post-5594","page","type-page","status-publish","hentry"],"acf":[],"_links":{"self":[{"href":"https:\/\/msi-hukuk.com\/index.php?rest_route=\/wp\/v2\/pages\/5594","targetHints":{"allow":["GET"]}}],"collection":[{"href":"https:\/\/msi-hukuk.com\/index.php?rest_route=\/wp\/v2\/pages"}],"about":[{"href":"https:\/\/msi-hukuk.com\/index.php?rest_route=\/wp\/v2\/types\/page"}],"author":[{"embeddable":true,"href":"https:\/\/msi-hukuk.com\/index.php?rest_route=\/wp\/v2\/users\/1"}],"replies":[{"embeddable":true,"href":"https:\/\/msi-hukuk.com\/index.php?rest_route=%2Fwp%2Fv2%2Fcomments&post=5594"}],"version-history":[{"count":24,"href":"https:\/\/msi-hukuk.com\/index.php?rest_route=\/wp\/v2\/pages\/5594\/revisions"}],"predecessor-version":[{"id":11271,"href":"https:\/\/msi-hukuk.com\/index.php?rest_route=\/wp\/v2\/pages\/5594\/revisions\/11271"}],"wp:attachment":[{"href":"https:\/\/msi-hukuk.com\/index.php?rest_route=%2Fwp%2Fv2%2Fmedia&parent=5594"}],"curies":[{"name":"wp","href":"https:\/\/api.w.org\/{rel}","templated":true}]}}