{"id":5837,"date":"2017-03-16T15:48:27","date_gmt":"2017-03-16T15:48:27","guid":{"rendered":"https:\/\/argenta.clbthemes.com\/demo_12\/?page_id=5837"},"modified":"2025-10-21T06:45:46","modified_gmt":"2025-10-21T06:45:46","slug":"contact-6","status":"publish","type":"page","link":"https:\/\/msi-hukuk.com\/?page_id=5837","title":{"rendered":"\u0130leti\u015fim"},"content":{"rendered":"<section class=\"wpb-content-wrapper\">[vc_row][vc_column][vc_empty_space height=&#8221;80px&#8221;][\/vc_column][\/vc_row][vc_row full_width=&#8221;stretch_row_content_no_spaces&#8221; el_id=&#8221;googlemap&#8221;][vc_column css=&#8221;.vc_custom_1489679416156{padding-top: 0px !important;}&#8221;][vc_raw_html]JTNDaWZyYW1lJTIwc3JjJTNEJTIyaHR0cHMlM0ElMkYlMkZ3d3cuZ29vZ2xlLmNvbSUyRm1hcHMlMkZlbWJlZCUzRnBiJTNEJTIxMW0xNCUyMTFtOCUyMTFtMyUyMTFkMTIwNDUuNjY5MzQ1MzI5MTE0JTIxMmQyOS4wNTgwMzU1Mzc1MTIyMSUyMTNkNDAuOTk0MjM3ODkwMjMwNzIlMjEzbTIlMjExaTEwMjQlMjEyaTc2OCUyMTRmMTMuMSUyMTNtMyUyMTFtMiUyMTFzMHgxNGNhYzc4NTE5MzE0ZjZkJTI1M0EweGQwYzBjYjEzMjY2MzJhZjElMjEyc01TSSUyNTIwSHVrdWslMjUyMEIlMjVDMyUyNUJDcm9zdSUyMTVlMCUyMTNtMiUyMTFzdHIlMjEyc3RyJTIxNHYxNjg5ODM4NjcyNTMzJTIxNW0yJTIxMXN0ciUyMTJzdHIlMjIlMjB3aWR0aCUzRCUyMjEwMCUyNSUyMiUyMGhlaWdodCUzRCUyMjM1MHB4JTIyJTIwJTIwc3R5bGUlM0QlMjJib3JkZXIlM0EwJTNCJTIyJTIwYWxsb3dmdWxsc2NyZWVuJTNEJTIyJTIyJTIwbG9hZGluZyUzRCUyMmxhenklMjIlMjByZWZlcnJlcnBvbGljeSUzRCUyMm5vLXJlZmVycmVyLXdoZW4tZG93bmdyYWRlJTIyJTNFJTNDJTJGaWZyYW1lJTNF[\/vc_raw_html][\/vc_column][\/vc_row][vc_row full_width=&#8221;stretch_row&#8221; css=&#8221;.vc_custom_1478274924524{margin-top: -100px !important;}&#8221; el_class=&#8221;negative-margin&#8221;][vc_column width=&#8221;1\/4&#8243; css=&#8221;.vc_custom_1477038874145{padding-right: 20px !important;padding-left: 20px !important;}&#8221;][vc_row_inner css=&#8221;.vc_custom_1478274946373{background-color: #ffffff !important;}&#8221;][vc_column_inner][vc_empty_space height=&#8221;20px&#8221;]<div id=\"argenta-custom-69e74506ae4ad\" class=\"icon-box\"  >\n\n\t<div class=\"icon-box-image brand-color brand-border-color icon-box-shape-border\">\n\t\t\t\t<span class=\"my-icon-tel-phone-2 brand-color\"><\/span>\n\t\t\t<\/div>\n\n\t<div class=\"icon-box-wrap-content\">\n\t\t<h3 class=\"title icon-box-title\">Telefon<\/h3>\n\t\t\n\t\t\t\t\n\t\t\t\t\t<p class=\"icon-box-description\"><\/p>\n\n\t\t\t\t\t<\/div>\n\t\t\n<\/div>\n\n[vc_column_text]\n<p style=\"text-align: center;\">0 216 514 74 04<\/p>\n[\/vc_column_text][vc_empty_space height=&#8221;20px&#8221;][\/vc_column_inner][\/vc_row_inner][\/vc_column][vc_column width=&#8221;1\/4&#8243; css=&#8221;.vc_custom_1477038868274{padding-right: 20px !important;padding-left: 20px !important;}&#8221;][vc_row_inner css=&#8221;.vc_custom_1477038633028{background-color: #ffffff !important;}&#8221;][vc_column_inner][vc_empty_space height=&#8221;20px&#8221;]<div id=\"argenta-custom-69e74506ae7f4\" class=\"icon-box\"  >\n\n\t<div class=\"icon-box-image brand-color brand-border-color icon-box-shape-border\">\n\t\t\t\t<span class=\"my-icon-loc-point brand-color\"><\/span>\n\t\t\t<\/div>\n\n\t<div class=\"icon-box-wrap-content\">\n\t\t<h3 class=\"title icon-box-title\">Adres<\/h3>\n\t\t\n\t\t\t\t\n\t\t\t\t\t<p class=\"icon-box-description\"><\/p>\n\n\t\t\t\t\t<\/div>\n\t\t\n<\/div>\n\n[vc_column_text][\/vc_column_text][vc_empty_space height=&#8221;20px&#8221;][\/vc_column_inner][\/vc_row_inner][\/vc_column][vc_column width=&#8221;1\/4&#8243; css=&#8221;.vc_custom_1477038882809{padding-right: 20px !important;padding-left: 20px !important;}&#8221;][vc_row_inner css=&#8221;.vc_custom_1477038633028{background-color: #ffffff !important;}&#8221;][vc_column_inner][vc_empty_space height=&#8221;20px&#8221;]<div id=\"argenta-custom-69e74506ae88f\" class=\"icon-box\"  >\n\n\t<div class=\"icon-box-image brand-color brand-border-color icon-box-shape-border\">\n\t\t\t\t<span class=\"my-icon-ema-open-doc brand-color\"><\/span>\n\t\t\t<\/div>\n\n\t<div class=\"icon-box-wrap-content\">\n\t\t<h3 class=\"title icon-box-title\">Email<\/h3>\n\t\t\n\t\t\t\t\n\t\t\t\t\t<p class=\"icon-box-description\"><\/p>\n\n\t\t\t\t\t<\/div>\n\t\t\n<\/div>\n\n[vc_column_text]\n<p style=\"text-align: center;\">info@msi-hukuk.com<\/p>\n[\/vc_column_text][vc_empty_space height=&#8221;20px&#8221;][\/vc_column_inner][\/vc_row_inner][\/vc_column][vc_column width=&#8221;1\/4&#8243; css=&#8221;.vc_custom_1477038889426{padding-right: 20px !important;padding-left: 20px !important;}&#8221;][vc_row_inner css=&#8221;.vc_custom_1477038633028{background-color: #ffffff !important;}&#8221;][vc_column_inner][vc_empty_space height=&#8221;20px&#8221;]<div id=\"argenta-custom-69e74506ae914\" class=\"icon-box\"  >\n\n\t<div class=\"icon-box-image brand-color brand-border-color icon-box-shape-border\">\n\t\t\t\t<span class=\"my-icon-loc-longitude brand-color\"><\/span>\n\t\t\t<\/div>\n\n\t<div class=\"icon-box-wrap-content\">\n\t\t<h3 class=\"title icon-box-title\">Website<\/h3>\n\t\t\n\t\t\t\t\n\t\t\t\t\t<p class=\"icon-box-description\"><\/p>\n\n\t\t\t\t\t<\/div>\n\t\t\n<\/div>\n\n[vc_column_text]\n<p style=\"text-align: center;\">msi-hukuk.com<\/p>\n[\/vc_column_text][vc_empty_space height=&#8221;20px&#8221;][\/vc_column_inner][\/vc_row_inner][\/vc_column][\/vc_row][vc_row full_width=&#8221;stretch_row&#8221;][vc_column][vc_empty_space height=&#8221;25px&#8221;][vc_row_inner equal_height=&#8221;yes&#8221;][vc_column_inner width=&#8221;1\/2&#8243; css=&#8221;.vc_custom_1753347220319{background-image: url(https:\/\/msi-hukuk.com\/wp-content\/uploads\/2017\/03\/arg_blog_img26-min.jpg?id=5857) !important;background-position: center !important;background-repeat: no-repeat !important;background-size: cover !important;}&#8221;][\/vc_column_inner][vc_column_inner width=&#8221;1\/2&#8243; css=&#8221;.vc_custom_1489679945332{padding-top: 12% !important;padding-right: 12% !important;padding-bottom: 12% !important;padding-left: 12% !important;background-color: #f3f3f3 !important;}&#8221;]<div id=\"argenta-custom-69e74506ae986\"  class=\"heading-wrapper text-left\"  >\n\t\t\t<p class=\"subtitle\"><\/p>\n\t\n\t<h3 class=\"second-title text-left\">MSI Hukuk<\/h3>\n\n\t\n\t\t<div class=\"divider-solid\"><div class=\"divider-line\"><\/div><\/div>\t\n\t<\/div>\t\n\n[vc_empty_space height=&#8221;10px&#8221;][vc_column_text]Merhaba,<\/p>\n<p>Bize ula\u015fmak i\u00e7in bu formu kullanabilirsiniz. \u0130htiya\u00e7lar\u0131n\u0131z\u0131, sorular\u0131n\u0131z\u0131 veya geri bildirimlerinizi bize iletmekten memnuniyet duyar\u0131z. Alanlar\u0131 doldurarak mesaj\u0131n\u0131z\u0131 bize iletebilirsiniz.[\/vc_column_text]<div class=\"contact-form text-center\" data-button-classes=\"\" id=\"argenta-custom-69e74506aeafb\"  >\n\n\t\n<div class=\"wpcf7 no-js\" id=\"wpcf7-f5778-o1\" lang=\"en-US\" dir=\"ltr\" data-wpcf7-id=\"5778\">\n<div class=\"screen-reader-response\"><p role=\"status\" aria-live=\"polite\" aria-atomic=\"true\"><\/p> <ul><\/ul><\/div>\n<form action=\"\/index.php?rest_route=%2Fwp%2Fv2%2Fpages%2F5837#wpcf7-f5778-o1\" method=\"post\" class=\"wpcf7-form init\" aria-label=\"Contact form\" novalidate=\"novalidate\" data-status=\"init\">\n<fieldset class=\"hidden-fields-container\"><input type=\"hidden\" name=\"_wpcf7\" value=\"5778\" \/><input type=\"hidden\" name=\"_wpcf7_version\" value=\"6.1.2\" \/><input type=\"hidden\" name=\"_wpcf7_locale\" value=\"en_US\" \/><input type=\"hidden\" name=\"_wpcf7_unit_tag\" value=\"wpcf7-f5778-o1\" \/><input type=\"hidden\" name=\"_wpcf7_container_post\" value=\"0\" \/><input type=\"hidden\" name=\"_wpcf7_posted_data_hash\" value=\"\" \/>\n<\/fieldset>\n<div class=\"input-group\">\n\t<p><label class=\"col-6\"><span class=\"wpcf7-form-control-wrap\" data-name=\"your-name\"><input size=\"40\" maxlength=\"400\" class=\"wpcf7-form-control wpcf7-text wpcf7-validates-as-required\" aria-required=\"true\" aria-invalid=\"false\" placeholder=\"\u0130sim*\" value=\"\" type=\"text\" name=\"your-name\" \/><\/span><\/label><label class=\"col-6\"><span class=\"wpcf7-form-control-wrap\" data-name=\"your-email\"><input size=\"40\" maxlength=\"400\" class=\"wpcf7-form-control wpcf7-email wpcf7-validates-as-required wpcf7-text wpcf7-validates-as-email\" aria-required=\"true\" aria-invalid=\"false\" placeholder=\"Email*\" value=\"\" type=\"email\" name=\"your-email\" \/><\/span><\/label>\n\t<\/p>\n<\/div>\n<div class=\"input-group\">\n\t<p><label class=\"col-6\"><span class=\"wpcf7-form-control-wrap\" data-name=\"your-phone\"><input size=\"40\" maxlength=\"400\" class=\"wpcf7-form-control wpcf7-text\" aria-invalid=\"false\" placeholder=\"Telefon\" value=\"\" type=\"text\" name=\"your-phone\" \/><\/span><\/label><label class=\"col-6\"><span class=\"wpcf7-form-control-wrap\" data-name=\"your-subject\"><input size=\"40\" maxlength=\"400\" class=\"wpcf7-form-control wpcf7-text\" aria-invalid=\"false\" placeholder=\"Ba\u015fl\u0131k\" value=\"\" type=\"text\" name=\"your-subject\" \/><\/span><\/label>\n\t<\/p>\n<\/div>\n<p><label> <span class=\"wpcf7-form-control-wrap\" data-name=\"your-message\"><textarea cols=\"40\" rows=\"10\" maxlength=\"2000\" class=\"wpcf7-form-control wpcf7-textarea\" aria-invalid=\"false\" placeholder=\"Yaz\u0131\" name=\"your-message\"><\/textarea><\/span> <\/label><br \/>\n<button class=\"btn\"><span class=\"btn-load\"><\/span>Mesaj G\u00f6nder<\/button>\n<\/p><div class=\"wpcf7-response-output\" aria-hidden=\"true\"><\/div>\n<\/form>\n<\/div>\n\n<\/div>\n\n[\/vc_column_inner][\/vc_row_inner][vc_empty_space height=&#8221;100px&#8221; el_class=&#8221;arg-spacer&#8221;][\/vc_column][\/vc_row]\n<\/section>","protected":false},"excerpt":{"rendered":"<p>[vc_row][vc_column][vc_empty_space height=&#8221;80px&#8221;][\/vc_column][\/vc_row][vc_row full_width=&#8221;stretch_row_content_no_spaces&#8221; el_id=&#8221;googlemap&#8221;][vc_column css=&#8221;.vc_custom_1489679416156{padding-top: 0px !important;}&#8221;][vc_raw_html]JTNDaWZyYW1lJTIwc3JjJTNEJTIyaHR0cHMlM0ElMkYlMkZ3d3cuZ29vZ2xlLmNvbSUyRm1hcHMlMkZlbWJlZCUzRnBiJTNEJTIxMW0xNCUyMTFtOCUyMTFtMyUyMTFkMTIwNDUuNjY5MzQ1MzI5MTE0JTIxMmQyOS4wNTgwMzU1Mzc1MTIyMSUyMTNkNDAuOTk0MjM3ODkwMjMwNzIlMjEzbTIlMjExaTEwMjQlMjEyaTc2OCUyMTRmMTMuMSUyMTNtMyUyMTFtMiUyMTFzMHgxNGNhYzc4NTE5MzE0ZjZkJTI1M0EweGQwYzBjYjEzMjY2MzJhZjElMjEyc01TSSUyNTIwSHVrdWslMjUyMEIlMjVDMyUyNUJDcm9zdSUyMTVlMCUyMTNtMiUyMTFzdHIlMjEyc3RyJTIxNHYxNjg5ODM4NjcyNTMzJTIxNW0yJTIxMXN0ciUyMTJzdHIlMjIlMjB3aWR0aCUzRCUyMjEwMCUyNSUyMiUyMGhlaWdodCUzRCUyMjM1MHB4JTIyJTIwJTIwc3R5bGUlM0QlMjJib3JkZXIlM0EwJTNCJTIyJTIwYWxsb3dmdWxsc2NyZWVuJTNEJTIyJTIyJTIwbG9hZGluZyUzRCUyMmxhenklMjIlMjByZWZlcnJlcnBvbGljeSUzRCUyMm5vLXJlZmVycmVyLXdoZW4tZG93bmdyYWRlJTIyJTNFJTNDJTJGaWZyYW1lJTNF[\/vc_raw_html][\/vc_column][\/vc_row][vc_row full_width=&#8221;stretch_row&#8221; css=&#8221;.vc_custom_1478274924524{margin-top: -100px !important;}&#8221; el_class=&#8221;negative-margin&#8221;][vc_column width=&#8221;1\/4&#8243; css=&#8221;.vc_custom_1477038874145{padding-right: 20px !important;padding-left: 20px !important;}&#8221;][vc_row_inner css=&#8221;.vc_custom_1478274946373{background-color: #ffffff !important;}&#8221;][vc_column_inner][vc_empty_space height=&#8221;20px&#8221;][vc_column_text] 0 216 514 74 04 [\/vc_column_text][vc_empty_space height=&#8221;20px&#8221;][\/vc_column_inner][\/vc_row_inner][\/vc_column][vc_column width=&#8221;1\/4&#8243; css=&#8221;.vc_custom_1477038868274{padding-right: 20px !important;padding-left: 20px !important;}&#8221;][vc_row_inner css=&#8221;.vc_custom_1477038633028{background-color: #ffffff !important;}&#8221;][vc_column_inner][vc_empty_space height=&#8221;20px&#8221;][vc_column_text][\/vc_column_text][vc_empty_space height=&#8221;20px&#8221;][\/vc_column_inner][\/vc_row_inner][\/vc_column][vc_column width=&#8221;1\/4&#8243; css=&#8221;.vc_custom_1477038882809{padding-right: 20px !important;padding-left: 20px !important;}&#8221;][vc_row_inner css=&#8221;.vc_custom_1477038633028{background-color: #ffffff !important;}&#8221;][vc_column_inner][vc_empty_space height=&#8221;20px&#8221;][vc_column_text] info@msi-hukuk.com [\/vc_column_text][vc_empty_space height=&#8221;20px&#8221;][\/vc_column_inner][\/vc_row_inner][\/vc_column][vc_column width=&#8221;1\/4&#8243; css=&#8221;.vc_custom_1477038889426{padding-right: [&hellip;]<\/p>\n","protected":false},"author":1,"featured_media":0,"parent":0,"menu_order":0,"comment_status":"closed","ping_status":"closed","template":"page-templates\/page_without-sidebar.php","meta":{"footnotes":""},"class_list":["post-5837","page","type-page","status-publish","hentry"],"acf":[],"_links":{"self":[{"href":"https:\/\/msi-hukuk.com\/index.php?rest_route=\/wp\/v2\/pages\/5837","targetHints":{"allow":["GET"]}}],"collection":[{"href":"https:\/\/msi-hukuk.com\/index.php?rest_route=\/wp\/v2\/pages"}],"about":[{"href":"https:\/\/msi-hukuk.com\/index.php?rest_route=\/wp\/v2\/types\/page"}],"author":[{"embeddable":true,"href":"https:\/\/msi-hukuk.com\/index.php?rest_route=\/wp\/v2\/users\/1"}],"replies":[{"embeddable":true,"href":"https:\/\/msi-hukuk.com\/index.php?rest_route=%2Fwp%2Fv2%2Fcomments&post=5837"}],"version-history":[{"count":20,"href":"https:\/\/msi-hukuk.com\/index.php?rest_route=\/wp\/v2\/pages\/5837\/revisions"}],"predecessor-version":[{"id":11368,"href":"https:\/\/msi-hukuk.com\/index.php?rest_route=\/wp\/v2\/pages\/5837\/revisions\/11368"}],"wp:attachment":[{"href":"https:\/\/msi-hukuk.com\/index.php?rest_route=%2Fwp%2Fv2%2Fmedia&parent=5837"}],"curies":[{"name":"wp","href":"https:\/\/api.w.org\/{rel}","templated":true}]}}