{"id":5892,"date":"2017-03-17T08:41:05","date_gmt":"2017-03-17T08:41:05","guid":{"rendered":"https:\/\/argenta.clbthemes.com\/demo_12\/?page_id=5892"},"modified":"2024-08-27T12:32:14","modified_gmt":"2024-08-27T12:32:14","slug":"about-5","status":"publish","type":"page","link":"https:\/\/msi-hukuk.com\/?page_id=5892","title":{"rendered":"Ekibimiz"},"content":{"rendered":"<section class=\"wpb-content-wrapper\">[vc_row el_id=&#8221;#faliyet&#8221;][vc_column][vc_empty_space el_class=&#8221;.arg-spacer&#8221;][\/vc_column][\/vc_row][vc_row full_width=&#8221;stretch_row&#8221; css=&#8221;.vc_custom_1690271396806{padding-top: 0px !important;padding-right: 30% !important;padding-left: 30% !important;background-image: url(https:\/\/www.eylulsanat.com\/simla\/wp-content\/uploads\/2023\/07\/steptodown.com757279.jpg?id=11182) !important;background-position: 0 0 !important;background-repeat: repeat !important;}&#8221; el_id=&#8221;ekip&#8221;][vc_column width=&#8221;1\/2&#8243; css=&#8221;.vc_custom_1689770825488{padding-top: 0px !important;padding-right: 10% !important;padding-left: 10% !important;background-position: center !important;background-repeat: no-repeat !important;background-size: cover !important;}&#8221; el_class=&#8221;colomsimla&#8221;][vc_empty_space height=&#8221;100px&#8221; el_class=&#8221;arg-spacer&#8221;]<div id=\"argenta-custom-69e7452146536\" class=\"team-member text-center\"  >\n\n\t\n\t<div class=\"team-member-image\">\n\t\t\t\t<img decoding=\"async\" src=\"https:\/\/msi-hukuk.com\/wp-content\/uploads\/2023\/07\/woman2.png\" alt=\"Av. Simla Su Okkal\u0131\">\n\t\t\t\t\t<\/div>\n\n\t\t<h3 class=\"title\">Av. Simla Su Okkal\u0131<\/h3>\n\t<p class=\"subtitle small\">Kurucu Ortak<\/p>\n\t\n\t\n\t<p>simla.okkali@msi-hukuk.com<\/p>\n\t<div class=\"socialbar\">\n\t\t\t\t\t\t\t\t\t\t\t\t\t\t\t<\/div>\n\n\t<\/div>\n\n[\/vc_column][vc_column width=&#8221;1\/2&#8243; css=&#8221;.vc_custom_1689766024426{padding-top: 0px !important;padding-left: 0px !important;}&#8221;][vc_empty_space height=&#8221;90px&#8221; el_class=&#8221;arg-spacer&#8221;]<div id=\"argenta-custom-69e74521467f5\"  >\n\t<p><strong>E\u011fitim<br \/>\n<\/strong>Yeditepe \u00dcniversitesi, Hukuk Fak\u00fcltesi, Lisans, \u0130stanbul, 2016<br \/>\nCharles University, Hukuk Fak\u00fcltesi, Y\u00fcksek Lisans, Prag, 2022<\/p>\n<p><strong>Baro Kayd\u0131<br \/>\n<\/strong>\u0130stanbul Barosu<\/p>\n<p><strong>Diller<br \/>\n<\/strong>T\u00fcrk\u00e7e, \u0130ngilizce<\/p>\n<p><strong>Faaliyet Alanlar\u0131<br \/>\n<\/strong>Ticaret ve S\u00f6zle\u015fmeler Hukuku, \u0130\u015f Hukuku, Fikri M\u00fclkiyet Hukuku, \u0130nsan Haklar\u0131, Ki\u015fisel Verilerin Korunmas\u0131, Medya Hukuku, Uluslararas\u0131 Hukuk<\/p>\n<\/div>\n\n[vc_empty_space height=&#8221;10px&#8221;][\/vc_column][\/vc_row][vc_row full_width=&#8221;stretch_row&#8221; css=&#8221;.vc_custom_1690271403070{padding-top: 0px !important;padding-right: 30% !important;padding-left: 30% !important;background-position: 0 0 !important;background-repeat: repeat !important;}&#8221; el_id=&#8221;ekip&#8221;][vc_column width=&#8221;1\/2&#8243; css=&#8221;.vc_custom_1689770825488{padding-top: 0px !important;padding-right: 10% !important;padding-left: 10% !important;background-position: center !important;background-repeat: no-repeat !important;background-size: cover !important;}&#8221; el_class=&#8221;colomsimla&#8221;][vc_empty_space height=&#8221;100px&#8221; el_class=&#8221;arg-spacer&#8221;]<div id=\"argenta-custom-69e7452146cda\" class=\"team-member text-center\"  >\n\n\t\n\t<div class=\"team-member-image\">\n\t\t\t\t<img decoding=\"async\" src=\"https:\/\/msi-hukuk.com\/wp-content\/uploads\/2023\/07\/man-1.png\" alt=\"Av. \u0130nan\u00e7 Eker\">\n\t\t\t\t\t<\/div>\n\n\t\t<h3 class=\"title\">Av. \u0130nan\u00e7 Eker<\/h3>\n\t<p class=\"subtitle small\">Kurucu Ortak<\/p>\n\t\n\t\n\t<p>inanc.eker@msi-hukuk.com<\/p>\n\t<div class=\"socialbar\">\n\t\t\t\t\t\t\t\t\t\t\t\t\t\t\t<\/div>\n\n\t<\/div>\n\n[\/vc_column][vc_column width=&#8221;1\/2&#8243; css=&#8221;.vc_custom_1689766024426{padding-top: 0px !important;padding-left: 0px !important;}&#8221;][vc_empty_space height=&#8221;90px&#8221; el_class=&#8221;arg-spacer&#8221;]<div id=\"argenta-custom-69e7452146da8\"  >\n\t<p><strong>E\u011fitim<br \/>\n<\/strong>Yeditepe \u00dcniversitesi, Hukuk Fak\u00fcltesi, Lisans, \u0130stanbul, 2016<\/p>\n<p><strong>Baro Kayd\u0131<br \/>\n<\/strong>\u0130stanbul Barosu<\/p>\n<p><strong>Diller<br \/>\n<\/strong>T\u00fcrk\u00e7e, \u0130ngilizce<\/p>\n<p><strong>Faaliyet Alanlar\u0131<br \/>\n<\/strong>Ticaret ve S\u00f6zle\u015fmeler Hukuku, \u0130\u015f Hukuku, Gayrimenkul Hukuku, \u0130cra ve \u0130flas Hukuku, T\u00fcketici Hukuku, Alternatif Uyu\u015fmazl\u0131k \u00c7\u00f6z\u00fcm\u00fc<\/p>\n<\/div>\n\n[vc_empty_space height=&#8221;10px&#8221;][\/vc_column][\/vc_row][vc_row full_width=&#8221;stretch_row&#8221; css=&#8221;.vc_custom_1690271409798{padding-top: 0px !important;padding-right: 30% !important;padding-left: 30% !important;background-image: url(https:\/\/www.eylulsanat.com\/simla\/wp-content\/uploads\/2023\/07\/steptodown.com757279.jpg?id=11182) !important;background-position: 0 0 !important;background-repeat: repeat !important;}&#8221; el_id=&#8221;ekip&#8221;][vc_column width=&#8221;1\/2&#8243; css=&#8221;.vc_custom_1689770825488{padding-top: 0px !important;padding-right: 10% !important;padding-left: 10% !important;background-position: center !important;background-repeat: no-repeat !important;background-size: cover !important;}&#8221; el_class=&#8221;colomsimla&#8221;][vc_empty_space height=&#8221;100px&#8221; el_class=&#8221;arg-spacer&#8221;]<div id=\"argenta-custom-69e7452146e03\" class=\"team-member text-center\"  >\n\n\t\n\t<div class=\"team-member-image\">\n\t\t\t\t<img decoding=\"async\" src=\"https:\/\/msi-hukuk.com\/wp-content\/uploads\/2023\/07\/man-1.png\" alt=\"Av. Mehmet Serhat Tercan\">\n\t\t\t\t\t<\/div>\n\n\t\t<h3 class=\"title\">Av. Mehmet Serhat Tercan<\/h3>\n\t<p class=\"subtitle small\">\u00c7\u00f6z\u00fcm Orta\u011f\u0131<\/p>\n\t\n\t\n\t<p>mehmet.tercan@msi-hukuk.com<\/p>\n\t<div class=\"socialbar\">\n\t\t\t\t\t\t\t\t\t\t\t\t\t\t\t<\/div>\n\n\t<\/div>\n\n[\/vc_column][vc_column width=&#8221;1\/2&#8243; css=&#8221;.vc_custom_1689766024426{padding-top: 0px !important;padding-left: 0px !important;}&#8221;][vc_empty_space height=&#8221;90px&#8221; el_class=&#8221;arg-spacer&#8221;]<div id=\"argenta-custom-69e7452146e95\"  >\n\t<p><strong>E\u011fitim<br \/>\n<\/strong>Yeditepe \u00dcniversitesi, Hukuk Fak\u00fcltesi, Lisans, \u0130stanbul, 2016<\/p>\n<p><strong>Hakk\u0131nda<\/strong><br \/>\nBlockchain &amp; Kripto Para Hukuku, Franchise S\u00f6zle\u015fmeleri ve Miras Hukuku alanlar\u0131nda \u00e7\u00f6z\u00fcm orta\u011f\u0131 olarak destek vermektedir.<\/p>\n<\/div>\n\n[vc_empty_space height=&#8221;10px&#8221;][\/vc_column][\/vc_row]\n<\/section>","protected":false},"excerpt":{"rendered":"<p>[vc_row el_id=&#8221;#faliyet&#8221;][vc_column][vc_empty_space el_class=&#8221;.arg-spacer&#8221;][\/vc_column][\/vc_row][vc_row full_width=&#8221;stretch_row&#8221; css=&#8221;.vc_custom_1690271396806{padding-top: 0px !important;padding-right: 30% !important;padding-left: 30% !important;background-image: url(https:\/\/www.eylulsanat.com\/simla\/wp-content\/uploads\/2023\/07\/steptodown.com757279.jpg?id=11182) !important;background-position: 0 0 !important;background-repeat: repeat !important;}&#8221; el_id=&#8221;ekip&#8221;][vc_column width=&#8221;1\/2&#8243; css=&#8221;.vc_custom_1689770825488{padding-top: 0px !important;padding-right: 10% !important;padding-left: 10% !important;background-position: center !important;background-repeat: no-repeat !important;background-size: cover !important;}&#8221; el_class=&#8221;colomsimla&#8221;][vc_empty_space height=&#8221;100px&#8221; el_class=&#8221;arg-spacer&#8221;][\/vc_column][vc_column width=&#8221;1\/2&#8243; css=&#8221;.vc_custom_1689766024426{padding-top: 0px !important;padding-left: 0px !important;}&#8221;][vc_empty_space height=&#8221;90px&#8221; el_class=&#8221;arg-spacer&#8221;][vc_empty_space height=&#8221;10px&#8221;][\/vc_column][\/vc_row][vc_row full_width=&#8221;stretch_row&#8221; css=&#8221;.vc_custom_1690271403070{padding-top: 0px !important;padding-right: 30% !important;padding-left: 30% !important;background-position: 0 0 [&hellip;]<\/p>\n","protected":false},"author":1,"featured_media":0,"parent":0,"menu_order":0,"comment_status":"closed","ping_status":"closed","template":"page-templates\/page_without-sidebar.php","meta":{"footnotes":""},"class_list":["post-5892","page","type-page","status-publish","hentry"],"acf":[],"_links":{"self":[{"href":"https:\/\/msi-hukuk.com\/index.php?rest_route=\/wp\/v2\/pages\/5892","targetHints":{"allow":["GET"]}}],"collection":[{"href":"https:\/\/msi-hukuk.com\/index.php?rest_route=\/wp\/v2\/pages"}],"about":[{"href":"https:\/\/msi-hukuk.com\/index.php?rest_route=\/wp\/v2\/types\/page"}],"author":[{"embeddable":true,"href":"https:\/\/msi-hukuk.com\/index.php?rest_route=\/wp\/v2\/users\/1"}],"replies":[{"embeddable":true,"href":"https:\/\/msi-hukuk.com\/index.php?rest_route=%2Fwp%2Fv2%2Fcomments&post=5892"}],"version-history":[{"count":96,"href":"https:\/\/msi-hukuk.com\/index.php?rest_route=\/wp\/v2\/pages\/5892\/revisions"}],"predecessor-version":[{"id":11361,"href":"https:\/\/msi-hukuk.com\/index.php?rest_route=\/wp\/v2\/pages\/5892\/revisions\/11361"}],"wp:attachment":[{"href":"https:\/\/msi-hukuk.com\/index.php?rest_route=%2Fwp%2Fv2%2Fmedia&parent=5892"}],"curies":[{"name":"wp","href":"https:\/\/api.w.org\/{rel}","templated":true}]}}